{"id":956,"date":"2023-03-17T18:48:01","date_gmt":"2023-03-17T18:48:01","guid":{"rendered":"https:\/\/www.28comunicacio.com\/reusquiro\/contacte\/"},"modified":"2026-03-06T11:32:49","modified_gmt":"2026-03-06T11:32:49","slug":"contacte","status":"publish","type":"page","link":"https:\/\/reusquiropractic.com\/ca\/contacte\/","title":{"rendered":"Contacte"},"content":{"rendered":"\t\t<div data-elementor-type=\"wp-page\" data-elementor-id=\"956\" class=\"elementor elementor-956 elementor-18\" data-elementor-post-type=\"page\">\n\t\t\t\t\t\t<section class=\"elementor-section elementor-top-section elementor-element elementor-element-4b738b5 elementor-section-height-min-height elementor-section-boxed elementor-section-height-default elementor-section-items-middle\" data-id=\"4b738b5\" data-element_type=\"section\" data-e-type=\"section\" id=\"contacto_bloque1\" data-settings=\"{&quot;background_background&quot;:&quot;classic&quot;,&quot;shape_divider_bottom&quot;:&quot;curve&quot;,&quot;shape_divider_bottom_negative&quot;:&quot;yes&quot;}\">\n\t\t\t\t\t<div class=\"elementor-shape elementor-shape-bottom\" aria-hidden=\"true\" data-negative=\"true\">\n\t\t\t<svg xmlns=\"http:\/\/www.w3.org\/2000\/svg\" viewBox=\"0 0 1000 100\" preserveAspectRatio=\"none\">\n\t<path class=\"elementor-shape-fill\" d=\"M500,97C126.7,96.3,0.8,19.8,0,0v100l1000,0V1C1000,19.4,873.3,97.8,500,97z\"\/>\n<\/svg>\t\t<\/div>\n\t\t\t\t\t<div class=\"elementor-container elementor-column-gap-default\">\n\t\t\t\t\t<div class=\"elementor-column elementor-col-100 elementor-top-column elementor-element elementor-element-469de26\" data-id=\"469de26\" data-element_type=\"column\" data-e-type=\"column\">\n\t\t\t<div class=\"elementor-widget-wrap\">\n\t\t\t\t\t\t\t<\/div>\n\t\t<\/div>\n\t\t\t\t\t<\/div>\n\t\t<\/section>\n\t\t\t\t<section class=\"elementor-section elementor-top-section elementor-element elementor-element-3bc27a9d elementor-section-content-middle elementor-section-height-min-height bloque elementor-section-boxed elementor-section-height-default elementor-section-items-middle\" data-id=\"3bc27a9d\" data-element_type=\"section\" data-e-type=\"section\" id=\"contacto_bloque2\">\n\t\t\t\t\t\t\t<div class=\"elementor-background-overlay\"><\/div>\n\t\t\t\t\t\t\t<div class=\"elementor-container elementor-column-gap-no\">\n\t\t\t\t\t<div class=\"elementor-column elementor-col-100 elementor-top-column elementor-element elementor-element-5eb78dda elementor-invisible\" data-id=\"5eb78dda\" data-element_type=\"column\" data-e-type=\"column\" data-settings=\"{&quot;animation&quot;:&quot;fadeIn&quot;,&quot;animation_delay&quot;:500,&quot;animation_mobile&quot;:&quot;none&quot;}\">\n\t\t\t<div class=\"elementor-widget-wrap elementor-element-populated\">\n\t\t\t\t\t\t<div class=\"elementor-element elementor-element-5464bf10 tituloPaginaDobleSup elementor-widget elementor-widget-heading\" data-id=\"5464bf10\" data-element_type=\"widget\" data-e-type=\"widget\" data-widget_type=\"heading.default\">\n\t\t\t\t<div class=\"elementor-widget-container\">\n\t\t\t\t\t<h1 class=\"elementor-heading-title elementor-size-default\">Contacte<\/h1>\t\t\t\t<\/div>\n\t\t\t\t<\/div>\n\t\t\t\t<div class=\"elementor-element elementor-element-7fbb438 tituloPaginaPeq tituloPeqInf elementor-widget elementor-widget-heading\" data-id=\"7fbb438\" data-element_type=\"widget\" data-e-type=\"widget\" data-widget_type=\"heading.default\">\n\t\t\t\t<div class=\"elementor-widget-container\">\n\t\t\t\t\t<span class=\"elementor-heading-title elementor-size-default\">T'ajudem?<\/span>\t\t\t\t<\/div>\n\t\t\t\t<\/div>\n\t\t\t\t<div class=\"elementor-element elementor-element-4e16fc2 elementor-widget elementor-widget-text-editor\" data-id=\"4e16fc2\" data-element_type=\"widget\" data-e-type=\"widget\" data-widget_type=\"text-editor.default\">\n\t\t\t\t<div class=\"elementor-widget-container\">\n\t\t\t\t\t\t\t\t\t<p>Comunica&#8217;t amb nosaltres de la manera que et sigui m\u00e9s f\u00e0cil.<\/p>\t\t\t\t\t\t\t\t<\/div>\n\t\t\t\t<\/div>\n\t\t\t\t<section class=\"elementor-section elementor-inner-section elementor-element elementor-element-7e4961c6 elementor-section-content-middle elementor-section-boxed elementor-section-height-default elementor-section-height-default\" data-id=\"7e4961c6\" data-element_type=\"section\" data-e-type=\"section\">\n\t\t\t\t\t\t<div class=\"elementor-container elementor-column-gap-no\">\n\t\t\t\t\t<div class=\"elementor-column elementor-col-50 elementor-inner-column elementor-element elementor-element-254bedfc colx2_L elementor-invisible\" data-id=\"254bedfc\" data-element_type=\"column\" data-e-type=\"column\" data-settings=\"{&quot;animation&quot;:&quot;fadeIn&quot;,&quot;animation_delay&quot;:500}\">\n\t\t\t<div class=\"elementor-widget-wrap elementor-element-populated\">\n\t\t\t\t\t\t<div class=\"elementor-element elementor-element-3595cff1 elementor-button-align-start elementor-mobile-button-align-start elementor-widget elementor-widget-form\" data-id=\"3595cff1\" data-element_type=\"widget\" data-e-type=\"widget\" data-settings=\"{&quot;step_next_label&quot;:&quot;Seg\\u00fcent&quot;,&quot;step_previous_label&quot;:&quot;Anterior&quot;,&quot;button_width&quot;:&quot;100&quot;,&quot;step_type&quot;:&quot;number_text&quot;,&quot;step_icon_shape&quot;:&quot;circle&quot;}\" data-widget_type=\"form.default\">\n\t\t\t\t<div class=\"elementor-widget-container\">\n\t\t\t\t\t\t\t<form class=\"elementor-form\" method=\"post\" id=\"formContacto\" name=\"Formulari\" aria-label=\"Formulari\">\n\t\t\t<input type=\"hidden\" name=\"post_id\" value=\"956\"\/>\n\t\t\t<input type=\"hidden\" name=\"form_id\" value=\"3595cff1\"\/>\n\t\t\t<input type=\"hidden\" name=\"referer_title\" value=\"Contacte Reus Quiropractic - T. 877 018 945\" \/>\n\n\t\t\t\t\t\t\t<input type=\"hidden\" name=\"queried_id\" value=\"956\"\/>\n\t\t\t\n\t\t\t<div class=\"elementor-form-fields-wrapper elementor-labels-\">\n\t\t\t\t\t\t\t\t<div class=\"elementor-field-type-text elementor-field-group elementor-column elementor-field-group-nombre elementor-col-100 elementor-field-required\">\n\t\t\t\t\t\t\t\t\t\t\t\t<label for=\"form-field-nombre\" class=\"elementor-field-label elementor-screen-only\">\n\t\t\t\t\t\t\t\tNombre\t\t\t\t\t\t\t<\/label>\n\t\t\t\t\t\t\t\t\t\t\t\t\t\t<input size=\"1\" type=\"text\" name=\"form_fields[nombre]\" id=\"form-field-nombre\" class=\"elementor-field elementor-size-sm  elementor-field-textual\" placeholder=\"Nombre\" required=\"required\">\n\t\t\t\t\t\t\t\t\t\t\t<\/div>\n\t\t\t\t\t\t\t\t<div class=\"elementor-field-type-email elementor-field-group elementor-column elementor-field-group-email elementor-col-50 elementor-field-required\">\n\t\t\t\t\t\t\t\t\t\t\t\t<label for=\"form-field-email\" class=\"elementor-field-label elementor-screen-only\">\n\t\t\t\t\t\t\t\tEmail\t\t\t\t\t\t\t<\/label>\n\t\t\t\t\t\t\t\t\t\t\t\t\t\t<input size=\"1\" type=\"email\" name=\"form_fields[email]\" id=\"form-field-email\" class=\"elementor-field elementor-size-sm  elementor-field-textual\" placeholder=\"Email\" required=\"required\">\n\t\t\t\t\t\t\t\t\t\t\t<\/div>\n\t\t\t\t\t\t\t\t<div class=\"elementor-field-type-text elementor-field-group elementor-column elementor-field-group-tel elementor-col-50 elementor-field-required\">\n\t\t\t\t\t\t\t\t\t\t\t\t<label for=\"form-field-tel\" class=\"elementor-field-label elementor-screen-only\">\n\t\t\t\t\t\t\t\tTel\t\t\t\t\t\t\t<\/label>\n\t\t\t\t\t\t\t\t\t\t\t\t\t\t<input size=\"1\" type=\"text\" name=\"form_fields[tel]\" id=\"form-field-tel\" class=\"elementor-field elementor-size-sm  elementor-field-textual\" placeholder=\"Tel\u00e8fon\" required=\"required\">\n\t\t\t\t\t\t\t\t\t\t\t<\/div>\n\t\t\t\t\t\t\t\t<div class=\"elementor-field-type-textarea elementor-field-group elementor-column elementor-field-group-mensaje elementor-col-100 elementor-field-required\">\n\t\t\t\t\t\t\t\t\t\t\t\t<label for=\"form-field-mensaje\" class=\"elementor-field-label elementor-screen-only\">\n\t\t\t\t\t\t\t\tMissatge\t\t\t\t\t\t\t<\/label>\n\t\t\t\t\t\t<textarea class=\"elementor-field-textual elementor-field  elementor-size-sm\" name=\"form_fields[mensaje]\" id=\"form-field-mensaje\" rows=\"8\" placeholder=\"Missatge\" required=\"required\"><\/textarea>\t\t\t\t<\/div>\n\t\t\t\t\t\t\t\t<div class=\"elementor-field-type-acceptance elementor-field-group elementor-column elementor-field-group-rgpd elementor-col-100 elementor-field-required\">\n\t\t\t\t\t\t\t\t\t\t\t\t<label for=\"form-field-rgpd\" class=\"elementor-field-label elementor-screen-only\">\n\t\t\t\t\t\t\t\tRGPD\t\t\t\t\t\t\t<\/label>\n\t\t\t\t\t\t\t\t<div class=\"elementor-field-subgroup\">\n\t\t\t<span class=\"elementor-field-option\">\n\t\t\t\t<input type=\"checkbox\" name=\"form_fields[rgpd]\" id=\"form-field-rgpd\" class=\"elementor-field elementor-size-sm  elementor-acceptance-field\" required=\"required\">\n\t\t\t\t<label for=\"form-field-rgpd\"><small>Estic d'acord amb la <a href=\"politica-privacitat\" target=\"_blank\">Pol\u00edtica de privacitat<\/a><\/small><\/label>\t\t\t<\/span>\n\t\t<\/div>\n\t\t\t\t\t\t<\/div>\n\t\t\t\t\t\t\t\t<div class=\"elementor-field-type-html elementor-field-group elementor-column elementor-field-group-field_df0ee63 elementor-col-100\">\n\t\t\t\t\t<span class=\"btn-oculta\" style=\"font-size:14px;\"> Veure reglament general RGPD<\/span>\n\n<div class=\"contenido-oculto\" style=\"margin-top:10px; background-color:#F7F5F4; padding:25px; border-radius:25px;\"><p style=\"font-size:12px; text-align:justify;\">En nombre de ROMAIN BILHAUT, (REUS QUIROPRACTIC) propietaria del dominio web www.reusquiropractic.com y en virtud de lo establecido en el Reglamento General de Protecci\u00f3n de Datos (UE 1679\/2016) les informamos que tratamos los datos que nos facilita en el presente formulario con el fin de poder hacer efectiva su solicitud de informaci\u00f3n. Los datos proporcionados se conservar\u00e1n mientras se realiza el procesamiento de su solicitud y se le da respuesta. Usted tiene derecho a obtener confirmaci\u00f3n sobre si en ROMAIN BILHAUT (REUS QUIROPRACTIC) estamos tratando sus datos personales por tanto tiene derecho a acceder a sus datos personales, rectificar los inexactos o solicitar su supresi\u00f3n cuando ya no sean necesarios. <\/p><\/div>\t\t\t\t<\/div>\n\t\t\t\t\t\t\t\t<div class=\"elementor-field-type-recaptcha_v3 elementor-field-group elementor-column elementor-field-group-recaptcha elementor-col-100 recaptcha_v3-bottomright\">\n\t\t\t\t\t<div class=\"elementor-field\" id=\"form-field-recaptcha\"><div class=\"elementor-g-recaptcha\" data-sitekey=\"6LfcrPQlAAAAAJ3gTNHqtiukixjdnwV0Z90qtpYV\" data-type=\"v3\" data-action=\"Form\" data-badge=\"bottomright\" data-size=\"invisible\"><\/div><\/div>\t\t\t\t<\/div>\n\t\t\t\t\t\t\t\t<div class=\"elementor-field-group elementor-column elementor-field-type-submit elementor-col-100 e-form__buttons\">\n\t\t\t\t\t<button class=\"elementor-button elementor-size-sm\" type=\"submit\">\n\t\t\t\t\t\t<span class=\"elementor-button-content-wrapper\">\n\t\t\t\t\t\t\t\t\t\t\t\t\t\t\t\t\t\t\t\t\t\t<span class=\"elementor-button-text\">Enviar<\/span>\n\t\t\t\t\t\t\t\t\t\t\t\t\t<\/span>\n\t\t\t\t\t<\/button>\n\t\t\t\t<\/div>\n\t\t\t<\/div>\n\t\t<\/form>\n\t\t\t\t\t\t<\/div>\n\t\t\t\t<\/div>\n\t\t\t\t\t<\/div>\n\t\t<\/div>\n\t\t\t\t<div class=\"elementor-column elementor-col-50 elementor-inner-column elementor-element elementor-element-4db0bc28 colx2_R elementor-invisible\" data-id=\"4db0bc28\" data-element_type=\"column\" data-e-type=\"column\" data-settings=\"{&quot;background_background&quot;:&quot;classic&quot;,&quot;motion_fx_motion_fx_scrolling&quot;:&quot;yes&quot;,&quot;motion_fx_translateY_effect&quot;:&quot;yes&quot;,&quot;motion_fx_translateY_speed&quot;:{&quot;unit&quot;:&quot;px&quot;,&quot;size&quot;:5,&quot;sizes&quot;:[]},&quot;motion_fx_translateY_affectedRange&quot;:{&quot;unit&quot;:&quot;%&quot;,&quot;size&quot;:&quot;&quot;,&quot;sizes&quot;:{&quot;start&quot;:23,&quot;end&quot;:100}},&quot;motion_fx_devices&quot;:[&quot;widescreen&quot;,&quot;desktop&quot;,&quot;laptop&quot;,&quot;tablet_extra&quot;,&quot;tablet&quot;],&quot;animation&quot;:&quot;fadeInRight&quot;,&quot;animation_delay&quot;:500,&quot;animation_mobile&quot;:&quot;none&quot;}\">\n\t\t\t<div class=\"elementor-widget-wrap elementor-element-populated\">\n\t\t\t\t\t\t<div class=\"elementor-element elementor-element-376151bc elementor-view-default elementor-position-block-start elementor-mobile-position-block-start elementor-widget elementor-widget-icon-box\" data-id=\"376151bc\" data-element_type=\"widget\" data-e-type=\"widget\" data-widget_type=\"icon-box.default\">\n\t\t\t\t<div class=\"elementor-widget-container\">\n\t\t\t\t\t\t\t<div class=\"elementor-icon-box-wrapper\">\n\n\t\t\t\t\t\t<div class=\"elementor-icon-box-icon\">\n\t\t\t\t<a href=\"tel:+34877018945\" class=\"elementor-icon\" tabindex=\"-1\" aria-label=\"877 018 945\">\n\t\t\t\t<svg xmlns=\"http:\/\/www.w3.org\/2000\/svg\" xmlns:xlink=\"http:\/\/www.w3.org\/1999\/xlink\" id=\"Capa_1\" x=\"0px\" y=\"0px\" viewBox=\"0 0 57.7 57.7\" xml:space=\"preserve\"><path d=\"M55.9,40.6c-1.7-0.9-3.5-1.9-5.2-2.8l-1-0.5c-1.8-0.9-3.6-1.8-5.4-2.7c-1.5-0.8-3.2-0.4-4.4,1l-1.3,1.6 c-0.9,1.1-1.8,2.1-2.7,3.2c-1.1,1.3-1.4,1.2-2.3,0.7c-3.1-1.7-5.8-3.3-8.3-5.3c-2.8-2.2-4.8-5.1-6.7-7.8c-0.7-1-1.3-2-2-2.9 c-0.6-1-0.7-1.4,0.4-2.7c0.9-1.1,1.8-2.1,2.7-3.1l1.3-1.5c1.1-1.3,1.3-3,0.5-4.5c-1-1.8-2.2-3.7-3.1-5.4l-0.6-0.9 c-1-1.7-2.1-3.5-3.1-5.2c-0.7-1.1-1.9-1.7-3-1.6C6,0.6,0.4,7.4,0.1,14.1C0,14.7,0,15.4,0,16l0,0.7c0,0.2,0,0.3,0,0.5 c0.6,5.3,2.4,10.3,5.7,15.3c2.8,4.3,6,8.4,9.6,11.9c3.7,3.4,7.8,6.3,12.2,8.8c5.1,2.9,10.1,4.3,15.1,4.4h0l0,0c0.1,0,0.3,0,0.4,0 l0.7-0.1c0.6-0.1,1.2-0.2,1.8-0.3c6.3-1,12.1-7.6,12-13.8C57.7,42.3,57,41.2,55.9,40.6z M12.4,3.2c1.1,1.7,2.1,3.4,3.1,5.1l0.6,1 c1,1.7,2.1,3.5,3.1,5.2c0.2,0.4,0.2,0.7-0.1,1.1l-1.4,1.7c-0.9,1-1.8,2-2.6,3c-1.4,1.6-2.4,3.5-0.7,6.2c0.7,1,1.3,2,2,3 c1.9,2.8,4.2,6,7.3,8.5c2.6,2.1,5.5,3.8,8.7,5.6c2.9,1.6,4.7,0.2,6-1.4c0.9-1.1,1.8-2.1,2.7-3.2l1.3-1.6c0.4-0.4,0.6-0.3,0.8-0.2 c1.8,0.9,3.7,1.8,5.3,2.7l1,0.5c1.7,0.9,3.4,1.8,5.2,2.7c0.2,0.1,0.2,0.2,0.2,0.3c0,4.8-4.6,10.1-9.6,10.9c-0.6,0.1-1.2,0.2-1.7,0.3 l-0.7,0.1l-0.1,0c-4.5-0.1-9-1.4-13.7-4c-4.2-2.4-8.1-5.2-11.6-8.4C14,39,10.9,35.2,8.2,31c-3-4.7-4.7-9.3-5.3-14.1l0-0.8 c0-0.6,0-1.2,0.1-1.8C3.3,8.9,7.7,3.4,12.2,3v0C12.2,3,12.3,3,12.4,3.2z\"><\/path><\/svg>\t\t\t\t<\/a>\n\t\t\t<\/div>\n\t\t\t\n\t\t\t\t\t\t<div class=\"elementor-icon-box-content\">\n\n\t\t\t\t\t\t\t\t\t<span class=\"elementor-icon-box-title\">\n\t\t\t\t\t\t<a href=\"tel:+34877018945\" >\n\t\t\t\t\t\t\t877 018 945\t\t\t\t\t\t<\/a>\n\t\t\t\t\t<\/span>\n\t\t\t\t\n\t\t\t\t\n\t\t\t<\/div>\n\t\t\t\n\t\t<\/div>\n\t\t\t\t\t\t<\/div>\n\t\t\t\t<\/div>\n\t\t\t\t<div class=\"elementor-element elementor-element-9143755 elementor-widget-divider--view-line elementor-widget elementor-widget-divider\" data-id=\"9143755\" data-element_type=\"widget\" data-e-type=\"widget\" data-widget_type=\"divider.default\">\n\t\t\t\t<div class=\"elementor-widget-container\">\n\t\t\t\t\t\t\t<div class=\"elementor-divider\">\n\t\t\t<span class=\"elementor-divider-separator\">\n\t\t\t\t\t\t<\/span>\n\t\t<\/div>\n\t\t\t\t\t\t<\/div>\n\t\t\t\t<\/div>\n\t\t\t\t<div class=\"elementor-element elementor-element-338d74f2 elementor-widget elementor-widget-text-editor\" data-id=\"338d74f2\" data-element_type=\"widget\" data-e-type=\"widget\" data-widget_type=\"text-editor.default\">\n\t\t\t\t<div class=\"elementor-widget-container\">\n\t\t\t\t\t\t\t\t\t<strong>Email<\/strong><br><a href=\"mailto:info@reusquiropractic.com\">info@reusquiropractic.com<\/a>\t\t\t\t\t\t\t\t<\/div>\n\t\t\t\t<\/div>\n\t\t\t\t<div class=\"elementor-element elementor-element-2404fe41 elementor-widget elementor-widget-text-editor\" data-id=\"2404fe41\" data-element_type=\"widget\" data-e-type=\"widget\" data-widget_type=\"text-editor.default\">\n\t\t\t\t<div class=\"elementor-widget-container\">\n\t\t\t\t\t\t\t\t\t<p><b>Horari d&#8217;atenci\u00f3<\/b><br>Lunes de 9h a 13h y de 15h a 20h<br>Martes de 9h a 13h y de 15h a 19h<br>Mi\u00e9rcoles de 15h a 20h<br>Jueves de 9h a 13h y de 15h a 19:30h<br>Viernes cerrado<\/p>\t\t\t\t\t\t\t\t<\/div>\n\t\t\t\t<\/div>\n\t\t\t\t\t<\/div>\n\t\t<\/div>\n\t\t\t\t\t<\/div>\n\t\t<\/section>\n\t\t\t\t\t<\/div>\n\t\t<\/div>\n\t\t\t\t\t<\/div>\n\t\t<\/section>\n\t\t\t\t<section class=\"elementor-section elementor-top-section elementor-element elementor-element-3dbbf52 bloque elementor-section-boxed elementor-section-height-default elementor-section-height-default\" data-id=\"3dbbf52\" data-element_type=\"section\" data-e-type=\"section\" id=\"contacto_bloque3\" data-settings=\"{&quot;background_background&quot;:&quot;classic&quot;}\">\n\t\t\t\t\t\t\t<div class=\"elementor-background-overlay\"><\/div>\n\t\t\t\t\t\t\t<div class=\"elementor-container elementor-column-gap-default\">\n\t\t\t\t\t<div class=\"elementor-column elementor-col-100 elementor-top-column elementor-element elementor-element-448b77c\" data-id=\"448b77c\" data-element_type=\"column\" data-e-type=\"column\">\n\t\t\t<div class=\"elementor-widget-wrap elementor-element-populated\">\n\t\t\t\t\t\t<section class=\"elementor-section elementor-inner-section elementor-element elementor-element-65be64c elementor-section-content-middle elementor-section-boxed elementor-section-height-default elementor-section-height-default elementor-invisible\" data-id=\"65be64c\" data-element_type=\"section\" data-e-type=\"section\" data-settings=\"{&quot;animation&quot;:&quot;fadeIn&quot;,&quot;animation_delay&quot;:500,&quot;animation_mobile&quot;:&quot;none&quot;}\">\n\t\t\t\t\t\t<div class=\"elementor-container elementor-column-gap-default\">\n\t\t\t\t\t<div class=\"elementor-column elementor-col-50 elementor-inner-column elementor-element elementor-element-e7e84a6 colx2_L\" data-id=\"e7e84a6\" data-element_type=\"column\" data-e-type=\"column\">\n\t\t\t<div class=\"elementor-widget-wrap elementor-element-populated\">\n\t\t\t\t\t\t<div class=\"elementor-element elementor-element-31f997c elementor-widget elementor-widget-heading\" data-id=\"31f997c\" data-element_type=\"widget\" data-e-type=\"widget\" data-widget_type=\"heading.default\">\n\t\t\t\t<div class=\"elementor-widget-container\">\n\t\t\t\t\t<h2 class=\"elementor-heading-title elementor-size-default\">Som a Reus<\/h2>\t\t\t\t<\/div>\n\t\t\t\t<\/div>\n\t\t\t\t<div class=\"elementor-element elementor-element-c6ec4b9 elementor-icon-list--layout-inline elementor-list-item-link-inline elementor-align-start elementor-mobile-align-center elementor-widget elementor-widget-icon-list\" data-id=\"c6ec4b9\" data-element_type=\"widget\" data-e-type=\"widget\" data-widget_type=\"icon-list.default\">\n\t\t\t\t<div class=\"elementor-widget-container\">\n\t\t\t\t\t\t\t<ul class=\"elementor-icon-list-items elementor-inline-items\">\n\t\t\t\t\t\t\t<li class=\"elementor-icon-list-item elementor-inline-item\">\n\t\t\t\t\t\t\t\t\t\t\t<span class=\"elementor-icon-list-icon\">\n\t\t\t\t\t\t\t<svg xmlns=\"http:\/\/www.w3.org\/2000\/svg\" xmlns:xlink=\"http:\/\/www.w3.org\/1999\/xlink\" id=\"Capa_1\" x=\"0px\" y=\"0px\" viewBox=\"0 0 524.2 689.2\" xml:space=\"preserve\"><g>\t<path d=\"M261.1,104.9c-82.5,0-149.4,63-149.4,140.6s67.1,140.6,149.4,140.6c82.5,0,149.4-63,149.4-140.6S343.6,104.9,261.1,104.9z   M363.7,245.5c0,53.2-46,96.4-102.6,96.4s-102.6-43.2-102.6-96.4s46-96.4,102.6-96.4S363.7,192.3,363.7,245.5z\"><\/path>\t<path d=\"M521.4,243.8L521.4,243.8c-0.5-61.8-25-122.5-67.4-166.6c-48.2-50-114.7-76.6-192.8-76.6c-77.9,0-144.7,26.5-192.8,76.6  C25.6,121.6,0.9,182.9,0.9,245.5c0,79.1,31.4,166.8,93.3,260.6c51,77.2,110.5,139.4,141.4,169.7c7.1,6.8,16.2,10.3,25.5,10.3  c9.3,0,18.4-3.4,25.5-10.3c30.9-30.1,90.4-92.3,141.4-169.7c61.8-93.8,93.3-181.3,93.3-260.4L521.4,243.8z M471.7,255.1  c0,107-56.6,184.8-112.2,257.6c-32.3,42.2-64.6,77.1-85.8,98.9c-4.1,4.2-8.1,8.3-12,12c-3.9-3.9-7.9-7.9-12-12  c-21.3-21.8-53.6-56.6-85.8-98.9C108.3,440,54.6,361.9,54.6,255.1c0-54.1,20.3-104.8,56.9-142.8c40.6-41.9,85.2-64,151.5-64  s111.6,22.1,152.1,64C451.5,150.4,471.7,201.1,471.7,255.1z\"><\/path><\/g><\/svg>\t\t\t\t\t\t<\/span>\n\t\t\t\t\t\t\t\t\t\t<span class=\"elementor-icon-list-text\">Pla\u00e7a de la Llibertat, 6, Planta Principal - Porta 1<br><strong><em>43201 Reus - Tarragona<\/em><\/strong><\/span>\n\t\t\t\t\t\t\t\t\t<\/li>\n\t\t\t\t\t\t<\/ul>\n\t\t\t\t\t\t<\/div>\n\t\t\t\t<\/div>\n\t\t\t\t\t<\/div>\n\t\t<\/div>\n\t\t\t\t<div class=\"elementor-column elementor-col-50 elementor-inner-column elementor-element elementor-element-bda5b5f colx2_R\" data-id=\"bda5b5f\" data-element_type=\"column\" data-e-type=\"column\" data-settings=\"{&quot;background_background&quot;:&quot;classic&quot;}\">\n\t\t\t<div class=\"elementor-widget-wrap elementor-element-populated\">\n\t\t\t\t\t\t<div class=\"elementor-element elementor-element-07393f1 elementor-align-right elementor-mobile-align-left elementor-widget elementor-widget-button\" data-id=\"07393f1\" data-element_type=\"widget\" data-e-type=\"widget\" data-widget_type=\"button.default\">\n\t\t\t\t<div class=\"elementor-widget-container\">\n\t\t\t\t\t\t\t\t\t<div class=\"elementor-button-wrapper\">\n\t\t\t\t\t<a class=\"elementor-button elementor-button-link elementor-size-md\" href=\"https:\/\/www.google.com\/maps\/dir\/\/reus+quiropractic\/@41.1340023,1.0953338,13z\/data=!3m1!5s0x12a151033f7aa6b1:0x829d93d02cb31aef!4m8!4m7!1m0!1m5!1m1!1s0x12a1511d052fb2a9:0x60689173624f472f!2m2!1d1.1054348!2d41.1586152\" target=\"_blank\" rel=\"noopener\">\n\t\t\t\t\t\t<span class=\"elementor-button-content-wrapper\">\n\t\t\t\t\t\t\t\t\t<span class=\"elementor-button-text\">Com arribar?<\/span>\n\t\t\t\t\t<\/span>\n\t\t\t\t\t<\/a>\n\t\t\t\t<\/div>\n\t\t\t\t\t\t\t\t<\/div>\n\t\t\t\t<\/div>\n\t\t\t\t\t<\/div>\n\t\t<\/div>\n\t\t\t\t\t<\/div>\n\t\t<\/section>\n\t\t\t\t<div class=\"elementor-element elementor-element-320e6cf elementor-invisible elementor-widget elementor-widget-google_maps\" data-id=\"320e6cf\" data-element_type=\"widget\" data-e-type=\"widget\" data-settings=\"{&quot;_animation&quot;:&quot;fadeInUp&quot;,&quot;_animation_delay&quot;:500,&quot;_animation_mobile&quot;:&quot;none&quot;}\" data-widget_type=\"google_maps.default\">\n\t\t\t\t<div class=\"elementor-widget-container\">\n\t\t\t\t\t\t\t<div class=\"elementor-custom-embed\">\n\t\t\t<iframe loading=\"lazy\"\n\t\t\t\t\tsrc=\"https:\/\/maps.google.com\/maps?q=Pla%C3%A7a%20de%20la%20Llibertat%2C%206%2C%20Planta%20Principal%20-%20Puerta%201%2C%2043201%20Reus%2C%20Tarragona&#038;t=m&#038;z=18&#038;output=embed&#038;iwloc=near\"\n\t\t\t\t\ttitle=\"Pla\u00e7a de la Llibertat, 6, Planta Principal - Puerta 1, 43201 Reus, Tarragona\"\n\t\t\t\t\taria-label=\"Pla\u00e7a de la Llibertat, 6, Planta Principal - Puerta 1, 43201 Reus, Tarragona\"\n\t\t\t><\/iframe>\n\t\t<\/div>\n\t\t\t\t\t\t<\/div>\n\t\t\t\t<\/div>\n\t\t\t\t\t<\/div>\n\t\t<\/div>\n\t\t\t\t\t<\/div>\n\t\t<\/section>\n\t\t\t\t<\/div>\n\t\t","protected":false},"excerpt":{"rendered":"<p>Contacte T&#8217;ajudem? Comunica&#8217;t amb nosaltres de la manera que et sigui m\u00e9s f\u00e0cil. 877 018 945 Emailinfo@reusquiropractic.com Horari d&#8217;atenci\u00f3Lunes de 9h a 13h y de 15h a 20hMartes de 9h a 13h y de 15h a 19hMi\u00e9rcoles de 15h a 20hJueves de 9h a 13h y de 15h a 19:30hViernes cerrado Som a Reus Pla\u00e7a &#8230; <a title=\"Contacte\" class=\"read-more\" href=\"https:\/\/reusquiropractic.com\/ca\/contacte\/\" aria-label=\"M\u00e9s informaci\u00f3 sobre Contacte\">Llegiu m\u00e9s<\/a><\/p>\n","protected":false},"author":1,"featured_media":0,"parent":0,"menu_order":0,"comment_status":"closed","ping_status":"closed","template":"","meta":{"footnotes":""},"class_list":["post-956","page","type-page","status-publish"],"_links":{"self":[{"href":"https:\/\/reusquiropractic.com\/ca\/wp-json\/wp\/v2\/pages\/956","targetHints":{"allow":["GET"]}}],"collection":[{"href":"https:\/\/reusquiropractic.com\/ca\/wp-json\/wp\/v2\/pages"}],"about":[{"href":"https:\/\/reusquiropractic.com\/ca\/wp-json\/wp\/v2\/types\/page"}],"author":[{"embeddable":true,"href":"https:\/\/reusquiropractic.com\/ca\/wp-json\/wp\/v2\/users\/1"}],"replies":[{"embeddable":true,"href":"https:\/\/reusquiropractic.com\/ca\/wp-json\/wp\/v2\/comments?post=956"}],"version-history":[{"count":21,"href":"https:\/\/reusquiropractic.com\/ca\/wp-json\/wp\/v2\/pages\/956\/revisions"}],"predecessor-version":[{"id":2323,"href":"https:\/\/reusquiropractic.com\/ca\/wp-json\/wp\/v2\/pages\/956\/revisions\/2323"}],"wp:attachment":[{"href":"https:\/\/reusquiropractic.com\/ca\/wp-json\/wp\/v2\/media?parent=956"}],"curies":[{"name":"wp","href":"https:\/\/api.w.org\/{rel}","templated":true}]}}