{"id":1491,"date":"2023-05-08T12:06:19","date_gmt":"2023-05-08T12:06:19","guid":{"rendered":"https:\/\/www.28comunicacio.com\/reusquiro\/politica-de-cookies\/"},"modified":"2023-05-08T15:15:44","modified_gmt":"2023-05-08T15:15:44","slug":"politica-de-cookies","status":"publish","type":"page","link":"https:\/\/reusquiropractic.com\/ca\/politica-de-cookies\/","title":{"rendered":"Pol\u00edtica de cookies"},"content":{"rendered":"\t\t<div data-elementor-type=\"wp-page\" data-elementor-id=\"1491\" class=\"elementor elementor-1491 elementor-1473\" data-elementor-post-type=\"page\">\n\t\t\t\t\t\t<section class=\"elementor-section elementor-top-section elementor-element elementor-element-b12650a elementor-section-height-min-height elementor-section-boxed elementor-section-height-default elementor-section-items-middle\" data-id=\"b12650a\" data-element_type=\"section\" data-e-type=\"section\" data-settings=\"{&quot;background_background&quot;:&quot;classic&quot;,&quot;shape_divider_bottom&quot;:&quot;curve&quot;,&quot;shape_divider_bottom_negative&quot;:&quot;yes&quot;}\">\n\t\t\t\t\t<div class=\"elementor-shape elementor-shape-bottom\" aria-hidden=\"true\" data-negative=\"true\">\n\t\t\t<svg xmlns=\"http:\/\/www.w3.org\/2000\/svg\" viewBox=\"0 0 1000 100\" preserveAspectRatio=\"none\">\n\t<path class=\"elementor-shape-fill\" d=\"M500,97C126.7,96.3,0.8,19.8,0,0v100l1000,0V1C1000,19.4,873.3,97.8,500,97z\"\/>\n<\/svg>\t\t<\/div>\n\t\t\t\t\t<div class=\"elementor-container elementor-column-gap-default\">\n\t\t\t\t\t<div class=\"elementor-column elementor-col-100 elementor-top-column elementor-element elementor-element-102c98a\" data-id=\"102c98a\" data-element_type=\"column\" data-e-type=\"column\">\n\t\t\t<div class=\"elementor-widget-wrap\">\n\t\t\t\t\t\t\t<\/div>\n\t\t<\/div>\n\t\t\t\t\t<\/div>\n\t\t<\/section>\n\t\t\t\t<section class=\"elementor-section elementor-top-section elementor-element elementor-element-285557e bloque elementor-section-boxed elementor-section-height-default elementor-section-height-default\" data-id=\"285557e\" data-element_type=\"section\" data-e-type=\"section\">\n\t\t\t\t\t\t<div class=\"elementor-container elementor-column-gap-default\">\n\t\t\t\t\t<div class=\"elementor-column elementor-col-100 elementor-top-column elementor-element elementor-element-b906630\" data-id=\"b906630\" data-element_type=\"column\" data-e-type=\"column\">\n\t\t\t<div class=\"elementor-widget-wrap elementor-element-populated\">\n\t\t\t\t\t\t<div class=\"elementor-element elementor-element-a08f80b tituloPagina2 elementor-widget elementor-widget-heading\" data-id=\"a08f80b\" data-element_type=\"widget\" data-e-type=\"widget\" data-widget_type=\"heading.default\">\n\t\t\t\t<div class=\"elementor-widget-container\">\n\t\t\t\t\t<h2 class=\"elementor-heading-title elementor-size-default\">Pol\u00edtica de cookies<\/h2>\t\t\t\t<\/div>\n\t\t\t\t<\/div>\n\t\t\t\t<div class=\"elementor-element elementor-element-1a0de0d elementor-widget elementor-widget-text-editor\" data-id=\"1a0de0d\" data-element_type=\"widget\" data-e-type=\"widget\" data-widget_type=\"text-editor.default\">\n\t\t\t\t<div class=\"elementor-widget-container\">\n\t\t\t\t\t\t\t\t\t<p>El dominio [reusquiropractic .com] utiliza procedimientos autom\u00e1ticos de recogida \u201cCookies\u201d para reunir informaci\u00f3n personal como puede ser el tipo de navegador o sistemas operativo, p\u00e1gina de referencia, ruta, dominio ISSP, etc. Todo ello con el fin de mejorar los servicios prestados. Las \u201cCookies\u201d, nos ayudan a adaptar esta p\u00e1gina web a sus necesidades personales.<\/p>\n<p>\u00bf<b>Qu\u00e9 son las Cookies?<\/b><br \/>Una \u201cCookie\u201d es un peque\u00f1o archivo que se almacena es el ordenador del usuario y nos permite reconocerle. El conjunto de \u201cCookies\u201d nos ayuda a mejorar la calidad de nuestra web permiti\u00e9ndonos as\u00ed personalizar hasta cierto punto la navegaci\u00f3n de cada usuario por nuestra web. Las \u201cCookies\u201d actualmente son esenciales para el funcionamiento de Internet, aportando innumerables ventajas en la prestaci\u00f3n de servicios interactivos, facilit\u00e1ndole la navegaci\u00f3n y usabilidad de nuestra web.<\/p>\n<p>Tenga en cuenta que las \u201cCookies\u201d no pueden da\u00f1ar su equipo y que, a cambio, el que est\u00e9n activadas nos ayudan a identificar y resolver los errores y mejorar la navegabilidad de nuestro sitio web proporcionando una mejor experiencia.<\/p>\n<p>S<b>e utilizan Cookies para:<\/b><br \/>Asegurar que las p\u00e1ginas web puedan funcionar correctamente.<br \/>Almacenar las preferencias, como el idioma o la medida de la letra.<br \/>Conocer la experiencia de navegaciones del usuario.<br \/>Recopilar informaci\u00f3n estad\u00edstica an\u00f3nima, como p\u00e1ginas ha visitado el usuario o cu\u00e1nto tiempo ha estado en el sitio web.<br \/>Tipolog\u00eda, finalidad y funcionamiento<br \/>Las Cookies en funci\u00f3n de su permanencia, pueden dividirse en cookies de sesi\u00f3n o permanentes. Las primeras expiran cuando el usuario cierra el navegador. Las segundas expiran cuando se cumple el objetivo por el que sirven o bien cuando se borran manualmente.<\/p>\n<p>Adem\u00e1s, en funci\u00f3n de su objetivo, las Cookies se pueden clasificar de la siguiente forma:<\/p>\n<p>Estrictamente necesarias (t\u00e9cnicas): son aquellas imprescindibles para el correcto funcionamiento de la p\u00e1gina. Normalmente se generan cuando el usuario accede al sitio web o inicia sesi\u00f3n en el mismo y se utiliza para identificar en el sitio web con los siguientes objetivos:<\/p>\n<p>Mantienen al usuario identificado de forma que, si abandona el sitio web, el navegador o el dispositivo y en otro momento vuelve a acceder a la misma p\u00e1gina, seguir\u00e1 identificado, facilitando as\u00ed su navegaci\u00f3n sin tener que volver a identificar.<\/p>\n<p>Comprobar si el usuario este autorizado para acceder a ciertos Servicios o zonas del sitio web.<\/p>\n<p>De rendimiento: Se utilizan para mejorar la experiencia de navegaci\u00f3n y optimizar el funcionamiento del sitio web, como, por ejemplo, almacenar las configuraciones de servicios, o almacenar la compra realizada en un carrito de la compra.<\/p>\n<p>De publicidad: Son aquellas que recaban informaci\u00f3n sobre los anuncios mostrados a los usuarios del sitio web. Pueden ser de dos tipos:<\/p>\n<p>\u2212 An\u00f3nimas: S\u00f3lo recopilan informaci\u00f3n sobre los espacios publicitarios mostrados en el sitio web, con independencia del usuario que acced\u00ed al sitio web, es decir, sin identificarse expresamente.<br \/>\u2212 Personalizadas: Recopilan informaci\u00f3n personal del usuario del sitio web por parte de un tercero, para la personalizaci\u00f3n de estos espacios publicitarios.<\/p>\n<p>De geolocalizaci\u00f3n: Estas cookies se utilizan para averiguar en qu\u00e9 pa\u00eds o regi\u00f3n se encuentra el usuario que accede a un servicio del sitio web, para poder ofrecer contenidos o servicios adecuados a su localizaci\u00f3n.<\/p>\n<p>Anal\u00edticas: <\/p>\n<p>Recopilan informaci\u00f3n sobre la experiencia de navegaci\u00f3n del usuario en el sitio web, normalmente de forma an\u00f3nima, aunque en ocasiones tambi\u00e9n permiten identificar de manera \u00fanica e inequ\u00edvoca al usuario para obtener informes sobre los intereses de los usuarios en los servicios que ofrece el sitio web.<\/p>\n<p>Cookies utilizada<br \/>Nivel 1: Cookies funcionales son cookies que ayudan al usuario a tener una mejor experiencia de la navegaci\u00f3n por el sitio. A modo de ejemplo de uso de este tipo de cookies son las que se utilizan para almacenar los datos de navegaci\u00f3n de un determinado idioma. <br \/>Nivel 2: Cookies anal\u00edticas son cookies que nos permiten analizar el uso del sitio web de manera que podamos medir y mejorar el funcionamiento.<br \/>Nivel 3: Cookies de publicidad y de terceros son las cookies usadas por redes sociales, o por complementos externos de contenido como Google maps como tambi\u00e9n cookies de empresas publicitarias para publicar anuncios relevantes para sus intereses.<br \/>Privacidad adecuada\/Gesti\u00f3n de cookies:<br \/>Para m\u00e1s informaci\u00f3n sobre la configuraci\u00f3n apropiada de las cookies y las opciones de activaci\u00f3n, restricci\u00f3n y\/o inhabilitaci\u00f3n se debe acudir en la secci\u00f3n de ayuda de su navegador para conocer m\u00e1s:<\/p>\n<p>Google Chrome<br \/>http:\/\/support.google.com\/chrome\/bin\/answer.py?hl=es&amp;answer=95647<\/p>\n<p>Internet Explorer<br \/>http:\/\/support.microsoft.com\/es-es\/help\/17442\/windows-internet-explorer-delete-manage-cookies<\/p>\n<p>Mozilla Firefox<br \/>http:\/\/support.mozilla.org\/es\/kb\/habilitar-y-deshabilitar-cookies-que-los-sitios-we<\/p>\n<p>Apple Safari<br \/>http:\/\/support.apple.com\/kb\/ph5042<\/p>\n<p>El usuario debe conocer que, al deshabilitar las Cookies, algunas de las funcionalidades y servicios pueden quedar deshabilitados o tener un comportamiento diferente al esperado, como, por ejemplo, permanecer identificado, mantener las compras en el carrito, su localizaci\u00f3n, etc. entre otros y que se degrade notablemente su navegaci\u00f3n.<\/p>\n<p>Actualizaci\u00f3n de la Pol\u00edtica de Cookies<br \/>El responsable de tratamiento puede modificar esta Pol\u00edtica de cookies en funci\u00f3n de exigencias legislativas, reglamentarias, o con la finalidad de adaptar dicha pol\u00edtica a las instrucciones dictadas.<\/p>\n\t\t\t\t\t\t\t\t<\/div>\n\t\t\t\t<\/div>\n\t\t\t\t\t<\/div>\n\t\t<\/div>\n\t\t\t\t\t<\/div>\n\t\t<\/section>\n\t\t\t\t<\/div>\n\t\t","protected":false},"excerpt":{"rendered":"<p>Pol\u00edtica de cookies El dominio [reusquiropractic .com] utiliza procedimientos autom\u00e1ticos de recogida \u201cCookies\u201d para reunir informaci\u00f3n personal como puede ser el tipo de navegador o sistemas operativo, p\u00e1gina de referencia, ruta, dominio ISSP, etc. Todo ello con el fin de mejorar los servicios prestados. Las \u201cCookies\u201d, nos ayudan a adaptar esta p\u00e1gina web a sus &#8230; <a title=\"Pol\u00edtica de cookies\" class=\"read-more\" href=\"https:\/\/reusquiropractic.com\/ca\/politica-de-cookies\/\" aria-label=\"M\u00e9s informaci\u00f3 sobre Pol\u00edtica de cookies\">Llegiu m\u00e9s<\/a><\/p>\n","protected":false},"author":1,"featured_media":0,"parent":0,"menu_order":0,"comment_status":"closed","ping_status":"closed","template":"","meta":{"footnotes":""},"class_list":["post-1491","page","type-page","status-publish"],"_links":{"self":[{"href":"https:\/\/reusquiropractic.com\/ca\/wp-json\/wp\/v2\/pages\/1491","targetHints":{"allow":["GET"]}}],"collection":[{"href":"https:\/\/reusquiropractic.com\/ca\/wp-json\/wp\/v2\/pages"}],"about":[{"href":"https:\/\/reusquiropractic.com\/ca\/wp-json\/wp\/v2\/types\/page"}],"author":[{"embeddable":true,"href":"https:\/\/reusquiropractic.com\/ca\/wp-json\/wp\/v2\/users\/1"}],"replies":[{"embeddable":true,"href":"https:\/\/reusquiropractic.com\/ca\/wp-json\/wp\/v2\/comments?post=1491"}],"version-history":[{"count":3,"href":"https:\/\/reusquiropractic.com\/ca\/wp-json\/wp\/v2\/pages\/1491\/revisions"}],"predecessor-version":[{"id":1494,"href":"https:\/\/reusquiropractic.com\/ca\/wp-json\/wp\/v2\/pages\/1491\/revisions\/1494"}],"wp:attachment":[{"href":"https:\/\/reusquiropractic.com\/ca\/wp-json\/wp\/v2\/media?parent=1491"}],"curies":[{"name":"wp","href":"https:\/\/api.w.org\/{rel}","templated":true}]}}