{"id":1287,"date":"2023-03-17T17:31:34","date_gmt":"2023-03-17T17:31:34","guid":{"rendered":"https:\/\/www.28comunicacio.com\/reusquiro\/politica-de-privacitat\/"},"modified":"2023-05-08T15:15:54","modified_gmt":"2023-05-08T15:15:54","slug":"politica-de-privacitat","status":"publish","type":"page","link":"https:\/\/reusquiropractic.com\/ca\/politica-de-privacitat\/","title":{"rendered":"Pol\u00edtica de privacitat"},"content":{"rendered":"\t\t<div data-elementor-type=\"wp-page\" data-elementor-id=\"1287\" class=\"elementor elementor-1287 elementor-3\" data-elementor-post-type=\"page\">\n\t\t\t\t\t\t<section class=\"elementor-section elementor-top-section elementor-element elementor-element-f85d79a elementor-section-height-min-height elementor-section-boxed elementor-section-height-default elementor-section-items-middle\" data-id=\"f85d79a\" data-element_type=\"section\" data-e-type=\"section\" data-settings=\"{&quot;background_background&quot;:&quot;classic&quot;,&quot;shape_divider_bottom&quot;:&quot;curve&quot;,&quot;shape_divider_bottom_negative&quot;:&quot;yes&quot;}\">\n\t\t\t\t\t<div class=\"elementor-shape elementor-shape-bottom\" aria-hidden=\"true\" data-negative=\"true\">\n\t\t\t<svg xmlns=\"http:\/\/www.w3.org\/2000\/svg\" viewBox=\"0 0 1000 100\" preserveAspectRatio=\"none\">\n\t<path class=\"elementor-shape-fill\" d=\"M500,97C126.7,96.3,0.8,19.8,0,0v100l1000,0V1C1000,19.4,873.3,97.8,500,97z\"\/>\n<\/svg>\t\t<\/div>\n\t\t\t\t\t<div class=\"elementor-container elementor-column-gap-default\">\n\t\t\t\t\t<div class=\"elementor-column elementor-col-100 elementor-top-column elementor-element elementor-element-47d74ff\" data-id=\"47d74ff\" data-element_type=\"column\" data-e-type=\"column\">\n\t\t\t<div class=\"elementor-widget-wrap\">\n\t\t\t\t\t\t\t<\/div>\n\t\t<\/div>\n\t\t\t\t\t<\/div>\n\t\t<\/section>\n\t\t\t\t<section class=\"elementor-section elementor-top-section elementor-element elementor-element-6e3c033a bloque elementor-section-boxed elementor-section-height-default elementor-section-height-default\" data-id=\"6e3c033a\" data-element_type=\"section\" data-e-type=\"section\">\n\t\t\t\t\t\t<div class=\"elementor-container elementor-column-gap-default\">\n\t\t\t\t\t<div class=\"elementor-column elementor-col-100 elementor-top-column elementor-element elementor-element-21e6b104\" data-id=\"21e6b104\" data-element_type=\"column\" data-e-type=\"column\">\n\t\t\t<div class=\"elementor-widget-wrap elementor-element-populated\">\n\t\t\t\t\t\t<div class=\"elementor-element elementor-element-0bdbc14 tituloPagina2 elementor-widget elementor-widget-heading\" data-id=\"0bdbc14\" data-element_type=\"widget\" data-e-type=\"widget\" data-widget_type=\"heading.default\">\n\t\t\t\t<div class=\"elementor-widget-container\">\n\t\t\t\t\t<h2 class=\"elementor-heading-title elementor-size-default\">Pol\u00edtica de privacitat<\/h2>\t\t\t\t<\/div>\n\t\t\t\t<\/div>\n\t\t\t\t<div class=\"elementor-element elementor-element-2c21af04 elementor-widget elementor-widget-text-editor\" data-id=\"2c21af04\" data-element_type=\"widget\" data-e-type=\"widget\" data-widget_type=\"text-editor.default\">\n\t\t\t\t<div class=\"elementor-widget-container\">\n\t\t\t\t\t\t\t\t\t<p class=\"s8\"><span class=\"s11\"><b>RESPONSABLE DEL TRACTAMENT<\/b><\/span><\/p>\n<p class=\"s14\"><span class=\"s12\">ROMAIN BILHAUT<\/span> <span class=\"s12\">(REUS QUIROPRACTIC)<\/span> <span class=\"s12\">X9588908R<\/span><span class=\"s12\">, amb domicili a<\/span><span class=\"s12\">Pla\u00e7a Llibertat, 6 Principal porta 1<\/span><span class=\"s12\">, <\/span><span class=\"s12\">43201<\/span><span class=\"s12\">, <\/span><span class=\"s12\">Reus<\/span><span class=\"s12\"> Telefono <\/span><span class=\"s12\">877018945<\/span><span class=\"s12\">i mail <\/span><span class=\"s13\">info@reusquiropractic.com<\/span><\/p>\n<p class=\"s15\"><span class=\"s11\"><b>FINALITAT<\/b><\/span><\/p>\n<p class=\"s16\"><span class=\"s12\">La finalitat de la creaci\u00f3, exist\u00e8ncia i manteniment \u00e9s el tractament de les dades amb els exclusius fins de <\/span><span class=\"s12\">de poder fer efectiu el nostre servei i realitzar la facturaci\u00f3 d&#8217;aquest. <\/span><\/p>\n<p class=\"s15\"><span class=\"s11\"><b>LEGITIMACI\u00d3<\/b><\/span><\/p>\n<p class=\"s14\"><span class=\"s12\">La base legal per al tractament de les seves dades \u00e9s l&#8217;execuci\u00f3 de la prestaci\u00f3 del servei entre el titular de la dada i el responsable del tractament i aquesta informaci\u00f3 personal es conservar\u00e0 mentre es mantingui la prestaci\u00f3 del mateix durant el temps estrictament necessari per a complir amb les obligacions legals.<\/span><\/p>\n<p class=\"s17\"><span class=\"s11\"><b>COMUNICACIONS COMERCIALS<\/b><\/span><\/p>\n<p class=\"s14\"><span class=\"s12\">Aix\u00ed mateix i sobre la base del seu consentiment atorgat de manera afirmativa i expressa, ens permet poder enviar-li informaci\u00f3 comercial sobre els nostres serveis i novetats a trav\u00e9s de correu electr\u00f2nic. Aquest consentiment podr\u00e0 ser revocat en qualsevol moment a trav\u00e9s del nostre correu electr\u00f2nic <\/span><span class=\"s13\">info@reusquiropractic.com<\/span><\/p>\n<p class=\"s18\"> <\/p>\n<p class=\"s15\"><span class=\"s11\"><b>PERIODE DE CONSERVACI\u00d3<\/b><\/span><\/p>\n<p class=\"s19\"><span class=\"s12\">Les dades proporcionades es conservaran mentre es mantingui la prestaci\u00f3 del servei o durant els anys necessaris per a complir amb les obligacions legals<\/span><\/p>\n<p class=\"s20\"> <\/p>\n<p class=\"s21\"><span class=\"s11\"><b>DESTINATARIS<\/b><\/span><\/p>\n<p class=\"s22\"><span class=\"s12\"> Mentre duri el tractament de les dades de l&#8217;interessat, <\/span><span class=\"s12\">ROMAIN BILHAUT<\/span> <span class=\"s12\">(REUS QUIROPRACTIC)<\/span> <span class=\"s12\">no cedir\u00e0 les dades a tercers, tret que medi\u00ef obligaci\u00f3 legal.<\/span><\/p>\n<p class=\"s22\"><span class=\"s12\">En els sup\u00f2sits que, per a la realitzaci\u00f3 de tractaments de tipus administratiu, fiscal, comptable i\/o comercial, es compti amb els serveis de tercers, es formalitzar\u00e0 degudament el preceptiu contracte d&#8217;encarregat de tractament, amb la finalitat de garantir la seguretat i confidencialitat de les dades de l&#8217;interessat enfront de tercers.<\/span><\/p>\n<p class=\"s18\"> <\/p>\n<p class=\"s15\"><span class=\"s11\"><b>DRETS<\/b><\/span><\/p>\n<p class=\"s14\"><span class=\"s23\">Les persones interesades tenen dret a <\/span><span class=\"s24\">accedir<\/span><span class=\"s23\"> a les seves dades de caracter personal, aix\u00ed com a sol\u00b7licitar la <\/span><span class=\"s24\">rectificaci\u00f3<\/span><span class=\"s23\"> de dades inexactes o, en el seu cas, sol\u00b7licitar la <\/span><span class=\"s24\">supressi\u00f3<\/span><span class=\"s23\"> quan, entre altres motius, les dades ja no siguin necessaris per a la finalitat que van ser lliurats aix\u00ed com <\/span><span class=\"s24\">retirar el consentiment otorgat<\/span><span class=\"s23\">. El exercici de <\/span><span class=\"s24\">oposici\u00f3<\/span><span class=\"s23\"> al tractament de les seves dades per a l&#8217;enviament d&#8217;informaci\u00f3 publicit\u00e0ria per via electr\u00f2nica. Tamb\u00e9 pot exercir el seu dret a la <\/span><span class=\"s24\">limitaci\u00f3 del tractament <\/span><span class=\"s23\"> , de manera que les seves dades no seran suprimits per\u00f2 el tractament dels mateixos estar\u00e0 subjecte a limitacions.<\/span><\/p>\n<p class=\"s14\"><span class=\"s23\">Els exercicis de portabilitat i automatitzaci\u00f3 de decisions no apliquen en aquest cas per la tipologia de dades i tractament d&#8217;aquests.<\/span><\/p>\n<p> <\/p>\t\t\t\t\t\t\t\t<\/div>\n\t\t\t\t<\/div>\n\t\t\t\t\t<\/div>\n\t\t<\/div>\n\t\t\t\t\t<\/div>\n\t\t<\/section>\n\t\t\t\t<\/div>\n\t\t","protected":false},"excerpt":{"rendered":"<p>Pol\u00edtica de privacitat RESPONSABLE DEL TRACTAMENT ROMAIN BILHAUT (REUS QUIROPRACTIC) X9588908R, amb domicili aPla\u00e7a Llibertat, 6 Principal porta 1, 43201, Reus Telefono 877018945i mail info@reusquiropractic.com FINALITAT La finalitat de la creaci\u00f3, exist\u00e8ncia i manteniment \u00e9s el tractament de les dades amb els exclusius fins de de poder fer efectiu el nostre servei i realitzar la &#8230; <a title=\"Pol\u00edtica de privacitat\" class=\"read-more\" href=\"https:\/\/reusquiropractic.com\/ca\/politica-de-privacitat\/\" aria-label=\"M\u00e9s informaci\u00f3 sobre Pol\u00edtica de privacitat\">Llegiu m\u00e9s<\/a><\/p>\n","protected":false},"author":1,"featured_media":0,"parent":0,"menu_order":0,"comment_status":"closed","ping_status":"closed","template":"","meta":{"footnotes":""},"class_list":["post-1287","page","type-page","status-publish"],"_links":{"self":[{"href":"https:\/\/reusquiropractic.com\/ca\/wp-json\/wp\/v2\/pages\/1287","targetHints":{"allow":["GET"]}}],"collection":[{"href":"https:\/\/reusquiropractic.com\/ca\/wp-json\/wp\/v2\/pages"}],"about":[{"href":"https:\/\/reusquiropractic.com\/ca\/wp-json\/wp\/v2\/types\/page"}],"author":[{"embeddable":true,"href":"https:\/\/reusquiropractic.com\/ca\/wp-json\/wp\/v2\/users\/1"}],"replies":[{"embeddable":true,"href":"https:\/\/reusquiropractic.com\/ca\/wp-json\/wp\/v2\/comments?post=1287"}],"version-history":[{"count":4,"href":"https:\/\/reusquiropractic.com\/ca\/wp-json\/wp\/v2\/pages\/1287\/revisions"}],"predecessor-version":[{"id":1553,"href":"https:\/\/reusquiropractic.com\/ca\/wp-json\/wp\/v2\/pages\/1287\/revisions\/1553"}],"wp:attachment":[{"href":"https:\/\/reusquiropractic.com\/ca\/wp-json\/wp\/v2\/media?parent=1287"}],"curies":[{"name":"wp","href":"https:\/\/api.w.org\/{rel}","templated":true}]}}