{"id":1285,"date":"2023-05-05T20:11:54","date_gmt":"2023-05-05T20:11:54","guid":{"rendered":"https:\/\/www.28comunicacio.com\/reusquiro\/avis-legal\/"},"modified":"2023-05-08T15:13:41","modified_gmt":"2023-05-08T15:13:41","slug":"avis-legal","status":"publish","type":"page","link":"https:\/\/reusquiropractic.com\/ca\/avis-legal\/","title":{"rendered":"Avis legal"},"content":{"rendered":"\t\t<div data-elementor-type=\"wp-page\" data-elementor-id=\"1285\" class=\"elementor elementor-1285 elementor-1280\" data-elementor-post-type=\"page\">\n\t\t\t\t\t\t<section class=\"elementor-section elementor-top-section elementor-element elementor-element-dbee9b2 elementor-section-height-min-height elementor-section-boxed elementor-section-height-default elementor-section-items-middle\" data-id=\"dbee9b2\" data-element_type=\"section\" data-e-type=\"section\" data-settings=\"{&quot;background_background&quot;:&quot;classic&quot;,&quot;shape_divider_bottom&quot;:&quot;curve&quot;,&quot;shape_divider_bottom_negative&quot;:&quot;yes&quot;}\">\n\t\t\t\t\t<div class=\"elementor-shape elementor-shape-bottom\" aria-hidden=\"true\" data-negative=\"true\">\n\t\t\t<svg xmlns=\"http:\/\/www.w3.org\/2000\/svg\" viewBox=\"0 0 1000 100\" preserveAspectRatio=\"none\">\n\t<path class=\"elementor-shape-fill\" d=\"M500,97C126.7,96.3,0.8,19.8,0,0v100l1000,0V1C1000,19.4,873.3,97.8,500,97z\"\/>\n<\/svg>\t\t<\/div>\n\t\t\t\t\t<div class=\"elementor-container elementor-column-gap-default\">\n\t\t\t\t\t<div class=\"elementor-column elementor-col-100 elementor-top-column elementor-element elementor-element-8271fe9\" data-id=\"8271fe9\" data-element_type=\"column\" data-e-type=\"column\">\n\t\t\t<div class=\"elementor-widget-wrap\">\n\t\t\t\t\t\t\t<\/div>\n\t\t<\/div>\n\t\t\t\t\t<\/div>\n\t\t<\/section>\n\t\t\t\t<section class=\"elementor-section elementor-top-section elementor-element elementor-element-2d5498e bloque elementor-section-boxed elementor-section-height-default elementor-section-height-default\" data-id=\"2d5498e\" data-element_type=\"section\" data-e-type=\"section\">\n\t\t\t\t\t\t<div class=\"elementor-container elementor-column-gap-default\">\n\t\t\t\t\t<div class=\"elementor-column elementor-col-100 elementor-top-column elementor-element elementor-element-dd014ee\" data-id=\"dd014ee\" data-element_type=\"column\" data-e-type=\"column\">\n\t\t\t<div class=\"elementor-widget-wrap elementor-element-populated\">\n\t\t\t\t\t\t<div class=\"elementor-element elementor-element-805c10a tituloPagina2 elementor-widget elementor-widget-heading\" data-id=\"805c10a\" data-element_type=\"widget\" data-e-type=\"widget\" data-widget_type=\"heading.default\">\n\t\t\t\t<div class=\"elementor-widget-container\">\n\t\t\t\t\t<h2 class=\"elementor-heading-title elementor-size-default\">Avis legal<\/h2>\t\t\t\t<\/div>\n\t\t\t\t<\/div>\n\t\t\t\t<div class=\"elementor-element elementor-element-d8cab92 elementor-widget elementor-widget-text-editor\" data-id=\"d8cab92\" data-element_type=\"widget\" data-e-type=\"widget\" data-widget_type=\"text-editor.default\">\n\t\t\t\t<div class=\"elementor-widget-container\">\n\t\t\t\t\t\t\t\t\t<p class=\"s25\"><span class=\"s22\">El prop\u00f2sit d&#8217;aquest Av\u00eds Legal, \u00e9s informar els usuaris de <\/span><span class=\"s23\">www.reusquiropractic.com<\/span><span class=\"s22\">, amb domicili a, <\/span><span class=\"s22\">Pla\u00e7a Llibertat, 6 Principal porta 1<\/span><span class=\"s22\"> la ra\u00f3 social del qual del Responsable del tractament \u00e9s <\/span><span class=\"s22\">ROMAIN BILHAUT<\/span> <span class=\"s22\">(REUS QUIROPRACTIC)<\/span><span class=\"s22\">,  <\/span><span class=\"s22\">de quin \u00e9s el seu <\/span><span class=\"s24\">pol\u00edtica de protecci\u00f3 de la privacitat i confidencialitat de les dades de car\u00e0cter personal<\/span><span class=\"s22\"> segons el Reglament General de Protecci\u00f3 de Dades (RGPD) que els seus usuaris faciliten de manera lliure i volunt\u00e0ria.<\/span><\/p>\n<p class=\"s25\"><span class=\"s22\">ROMAIN BILHAUT<\/span> <span class=\"s22\">(REUS QUIROPRACTIC)<\/span> <span class=\"s22\"> posa en el seu coneixement que disposa de les seves dades de car\u00e0cter personal especificats en el corresponent registre d&#8217;activitats del tractament de l&#8217;empresa denominat Gesti\u00f3 d&#8217;Usuaris Web.<\/span><\/p>\n<p class=\"s25\"><span class=\"s22\">La base legal per al tractament de les seves dades \u00e9s el consentiment obtingut del propi titular del tractament en el moment d&#8217;emplenar el nostre formulari en l\u00ednia i acceptar de manera expressa el mateix.<\/span><\/p>\n<p class=\"s26\"><span class=\"s22\">La finalitat de la creaci\u00f3, exist\u00e8ncia i manteniment \u00e9s el tractament de les dades amb els exclusius fins de <\/span><span class=\"s22\">de poder fer efectiva la sol\u00b7licitud d&#8217;informaci\u00f3. <\/span><\/p>\n<p class=\"s25\"><span class=\"s22\">Els destinataris de la informaci\u00f3 s\u00f3n tots els departaments, compartiments, locals i ens associats en els quals s&#8217;organitza <\/span><span class=\"s22\">ROMAIN BILHAUT<\/span> <span class=\"s22\">(REUS QUIROPRACTIC)<\/span> <span class=\"s22\">i no seran cedits a cap tercer excepte en els casos que existeixi una obligaci\u00f3 legal. <\/span><\/p>\n<p class=\"s25\"><span class=\"s27\">En tot cas, vost\u00e8 t\u00e9 dret<\/span> <span class=\"s27\">a obtindre confirmaci\u00f3 sobre si en<\/span> <span class=\"s27\">ROMAIN BILHAUT<\/span> <span class=\"s27\">estem tractant les seves dades personals per tant t\u00e9 dret a accedir a les seves dades personals, rectificar les dades inexactes o sol\u00b7licitar la seva supressi\u00f3 quan les dades ja no siguin necessaris.<\/span><\/p>\n<p class=\"s28\"><span class=\"s27\">Tots els camps del formulari en l\u00ednia marcats amb un asterisc s\u00f3n d&#8217;obligat emplenament per a poder fer efectiva la seva sol\u00b7licitud d&#8217;informaci\u00f3.<\/span><\/p>\n<p class=\"s29\"><span class=\"s22\">La Web <\/span><span class=\"s23\">www.reusquiropractic.com<\/span><span class=\"s22\"> ha adoptat les mesures d&#8217;\u00edndole t\u00e8cnica i organitzatives necess\u00e0ries, segons el nivell de seguretat de protecci\u00f3 de dades que li correspon legalment, per a garantir la seguretat del tractament de dades de car\u00e0cter personal que constitueixen el seu fitxer automatitzat. No obstant aix\u00f2, l&#8217;usuari ha de ser conscient que en l&#8217;actualitat les mesures de seguretat en Internet no s\u00f3n inexpugnables i per tant no s&#8217;est\u00e0 a resguard de possibles intromissions il\u00b7legals i indegudes, que no serien responsabilitat de <\/span><span class=\"s22\">ROMAIN BILHAUT<\/span> <span class=\"s22\">(REUS QUIROPRACTIC)<\/span><span class=\"s22\">, <\/span><span class=\"s22\">ja que ella ha actuat amb la dilig\u00e8ncia deguda per a protegir les dades conforme determina la llei. <\/span><\/p>\n<p class=\"s29\"><span class=\"s22\">La Web <\/span><span class=\"s23\">www.reusquiropractic.com<\/span><span class=\"s22\"> utilitza cookies o altres procediments similars amb finalitats merament estad\u00edstiques. Aquestes informacions es capten de manera autom\u00e0tica i an\u00f2nima, de manera que no \u00e9s possible identificar individualment a cap usuari. Els usuaris poden impedir el funcionament de les cookies mitjan\u00e7ant les opcions que tots els navegadors posen a la seva disposici\u00f3. Es recomana als usuaris que desitgen desactivar les cookies que consultin els sistemes d&#8217;ajuda dels navegadors que utilitzin<\/span><\/p>\n<p class=\"s30\"><span class=\"s22\">La Web <\/span><span class=\"s23\">www.reusquiropractic.com<\/span><span class=\"s22\"> far\u00e0 tot el possible perqu\u00e8 les seves dades estiguin sempre actualitzats. No obstant aix\u00f2, la responsabilitat sobre la qualitat de les dades dep\u00e8n del titular d&#8217;ells, d&#8217;aqu\u00ed ve que si existeix alguna modificaci\u00f3 de les dades l&#8217;usuari de la web els comunicar\u00e0 al Responsable del Fitxer, declinant aquesta tota responsabilitat en cas que ometi la seva obligaci\u00f3 de notificar els canvis.<\/span><\/p>\n<p class=\"s31\"><span class=\"s22\">La prestaci\u00f3 del servei d&#8217;aquesta Web i les presents condicions d&#8217;\u00das del Lloc web es regeixen per la Llei Espanyola. Per a qualsevol discrep\u00e0ncia en l&#8217;execuci\u00f3, interpretaci\u00f3, compliment d&#8217;aquestes condicions, les parts se sotmeten als Jutjats i Tribunals competents.<\/span><\/p>\n\t\t\t\t\t\t\t\t<\/div>\n\t\t\t\t<\/div>\n\t\t\t\t\t<\/div>\n\t\t<\/div>\n\t\t\t\t\t<\/div>\n\t\t<\/section>\n\t\t\t\t<\/div>\n\t\t","protected":false},"excerpt":{"rendered":"<p>Avis legal El prop\u00f2sit d&#8217;aquest Av\u00eds Legal, \u00e9s informar els usuaris de www.reusquiropractic.com, amb domicili a, Pla\u00e7a Llibertat, 6 Principal porta 1 la ra\u00f3 social del qual del Responsable del tractament \u00e9s ROMAIN BILHAUT (REUS QUIROPRACTIC), de quin \u00e9s el seu pol\u00edtica de protecci\u00f3 de la privacitat i confidencialitat de les dades de car\u00e0cter personal &#8230; <a title=\"Avis legal\" class=\"read-more\" href=\"https:\/\/reusquiropractic.com\/ca\/avis-legal\/\" aria-label=\"M\u00e9s informaci\u00f3 sobre Avis legal\">Llegiu m\u00e9s<\/a><\/p>\n","protected":false},"author":1,"featured_media":0,"parent":0,"menu_order":0,"comment_status":"closed","ping_status":"closed","template":"","meta":{"footnotes":""},"class_list":["post-1285","page","type-page","status-publish"],"_links":{"self":[{"href":"https:\/\/reusquiropractic.com\/ca\/wp-json\/wp\/v2\/pages\/1285","targetHints":{"allow":["GET"]}}],"collection":[{"href":"https:\/\/reusquiropractic.com\/ca\/wp-json\/wp\/v2\/pages"}],"about":[{"href":"https:\/\/reusquiropractic.com\/ca\/wp-json\/wp\/v2\/types\/page"}],"author":[{"embeddable":true,"href":"https:\/\/reusquiropractic.com\/ca\/wp-json\/wp\/v2\/users\/1"}],"replies":[{"embeddable":true,"href":"https:\/\/reusquiropractic.com\/ca\/wp-json\/wp\/v2\/comments?post=1285"}],"version-history":[{"count":4,"href":"https:\/\/reusquiropractic.com\/ca\/wp-json\/wp\/v2\/pages\/1285\/revisions"}],"predecessor-version":[{"id":1543,"href":"https:\/\/reusquiropractic.com\/ca\/wp-json\/wp\/v2\/pages\/1285\/revisions\/1543"}],"wp:attachment":[{"href":"https:\/\/reusquiropractic.com\/ca\/wp-json\/wp\/v2\/media?parent=1285"}],"curies":[{"name":"wp","href":"https:\/\/api.w.org\/{rel}","templated":true}]}}